{"id":912,"date":"2016-06-20T05:41:23","date_gmt":"2016-06-20T02:41:23","guid":{"rendered":"http:\/\/2016.finncon.org\/en\/?page_id=912"},"modified":"2016-07-02T02:09:29","modified_gmt":"2016-07-01T23:09:29","slug":"exhibitors","status":"publish","type":"page","link":"http:\/\/2016.finncon.org\/en\/about\/exhibitors\/","title":{"rendered":"Exhibitors"},"content":{"rendered":"<p>Here you can find a list of every exhibitor attending Finncon, including vendors, societies, events and other organizations.<\/p>\n<h2 style=\"padding: 0px; margin-bottom: 0px; font-size: 140%;\">Vendors:<\/h2>\n<div id=\"attachment_854\" style=\"width: 510px\" class=\"wp-caption alignright\"><a href=\"http:\/\/2016.finncon.org\/wp-content\/uploads\/2016\/06\/Finncon-2012-myyntip\u00f6yti\u00e4.jpg\"><img aria-describedby=\"caption-attachment-854\" decoding=\"async\" loading=\"lazy\" class=\"wp-image-854 size-large\" src=\"http:\/\/2016.finncon.org\/wp-content\/uploads\/2016\/06\/Finncon-2012-myyntip\u00f6yti\u00e4-1024x685.jpg\" alt=\"Finncon 2012 myyntip\u00f6yti\u00e4 Kuva: Timo Virtanen\" width=\"500\" height=\"334\" srcset=\"http:\/\/2016.finncon.org\/wp-content\/uploads\/2016\/06\/Finncon-2012-myyntip\u00f6yti\u00e4-1024x685.jpg 1024w, http:\/\/2016.finncon.org\/wp-content\/uploads\/2016\/06\/Finncon-2012-myyntip\u00f6yti\u00e4-300x201.jpg 300w, http:\/\/2016.finncon.org\/wp-content\/uploads\/2016\/06\/Finncon-2012-myyntip\u00f6yti\u00e4-768x514.jpg 768w, http:\/\/2016.finncon.org\/wp-content\/uploads\/2016\/06\/Finncon-2012-myyntip\u00f6yti\u00e4-800x536.jpg 800w, http:\/\/2016.finncon.org\/wp-content\/uploads\/2016\/06\/Finncon-2012-myyntip\u00f6yti\u00e4.jpg 1936w\" sizes=\"(max-width: 500px) 100vw, 500px\" \/><\/a><p id=\"caption-attachment-854\" class=\"wp-caption-text\">Main entrance sales tables at Finncon 2012<br \/>Picture: Timo Virtanen<\/p><\/div>\n<p><a href=\"http:\/\/kauppa.aavetaajuus.fi\/\">Aavetaajus<\/a><br \/>\n<a href=\"http:\/\/www.backstreet.fi\/\">Back Street<\/a><br \/>\n<a href=\"http:\/\/bardjester.com\/shop\/\">Bard &amp; Jester<\/a><br \/>\nBartholome<br \/>\n<a href=\"http:\/\/www.doorwaygames.fi\/\">Doorway Games<\/a><br \/>\n<a href=\"http:\/\/www.eevanikunen.com\/\">Eeva Nikunen Fantasy Art<\/a><br \/>\n<a href=\"http:\/\/www.genrewear.fi\/\">Genrewear<\/a><br \/>\n<a href=\"http:\/\/www.headhunterstore.com\/\">Head Hunter Store<\/a><br \/>\n<a href=\"https:\/\/kuoriaiskirjat.wordpress.com\/\">Kuoriaiskirjat<\/a><br \/>\n<a href=\"https:\/\/www.facebook.com\/lumissaspurpleoctopus\/\">Lumissa&#8217;s Purple Octopus<\/a><br \/>\n<a href=\"http:\/\/maginarium.pl\/en\/\">Maginarium<\/a><br \/>\n<a href=\"http:\/\/meiko.suomalainenverkkokauppa.fi\/\">Meiko Clothing<\/a><br \/>\n<a href=\"http:\/\/nevelynmedia.com\/\">Nevelyn Media Oy<\/a><br \/>\n<a href=\"http:\/\/omituisetopukset.blogspot.fi\/\">Omituiset Opukset<\/a><br \/>\n<a href=\"http:\/\/www.omoi.fi\/store\/\">Omoi Oy<\/a><br \/>\n<a href=\"http:\/\/osuuskumma.fi\/\">Osuuskumma<\/a><br \/>\n<a href=\"http:\/\/www.sci.fi\/~portti\/index.php\">Portti<\/a><br \/>\n<a href=\"http:\/\/www.rosebud.fi\/\">Rosebud<\/a><br \/>\n<a href=\"http:\/\/www.sangatsumanga.fi\/\">Sangatsu Manga<\/a><br \/>\n<a href=\"http:\/\/sirroi.com\/\">Sir Roi<\/a><br \/>\n<a href=\"http:\/\/www.tammi.fi\/\">Tammi<\/a><br \/>\n<a href=\"http:\/\/www.sarjakuvakauppa.fi\/\">Turun Sarjakuvakauppa<\/a><br \/>\n<a href=\"http:\/\/www.vaskikirjat.fi\/\">Vaskikirjat<\/a><\/p>\n<h2 style=\"padding: 0px; margin-bottom: 0px; font-size: 140%;\">Societies\/Events\/Organizations<\/h2>\n<div id=\"attachment_855\" style=\"width: 510px\" class=\"wp-caption alignright\"><a href=\"http:\/\/2016.finncon.org\/wp-content\/uploads\/2016\/06\/Finncon-2012-yhdistysp\u00f6yti\u00e4.jpg\"><img aria-describedby=\"caption-attachment-855\" decoding=\"async\" loading=\"lazy\" class=\"wp-image-855 size-large\" src=\"http:\/\/2016.finncon.org\/wp-content\/uploads\/2016\/06\/Finncon-2012-yhdistysp\u00f6yti\u00e4-1024x685.jpg\" alt=\"Finncon 2012 yhdistysp\u00f6yti\u00e4 Kuva: Timo Virtanen\" width=\"500\" height=\"334\" srcset=\"http:\/\/2016.finncon.org\/wp-content\/uploads\/2016\/06\/Finncon-2012-yhdistysp\u00f6yti\u00e4-1024x685.jpg 1024w, http:\/\/2016.finncon.org\/wp-content\/uploads\/2016\/06\/Finncon-2012-yhdistysp\u00f6yti\u00e4-300x201.jpg 300w, http:\/\/2016.finncon.org\/wp-content\/uploads\/2016\/06\/Finncon-2012-yhdistysp\u00f6yti\u00e4-768x514.jpg 768w, http:\/\/2016.finncon.org\/wp-content\/uploads\/2016\/06\/Finncon-2012-yhdistysp\u00f6yti\u00e4-800x536.jpg 800w, http:\/\/2016.finncon.org\/wp-content\/uploads\/2016\/06\/Finncon-2012-yhdistysp\u00f6yti\u00e4.jpg 1936w\" sizes=\"(max-width: 500px) 100vw, 500px\" \/><\/a><p id=\"caption-attachment-855\" class=\"wp-caption-text\">Art Corner tables at Finncon 2012<br \/> Kuva: Timo Virtanen<\/p><\/div>\n<p>Finncon 2018<br \/>\n<a href=\"http:\/\/Kontur 2017\">Kontur 2017<\/a><br \/>\n<a href=\"http:\/\/spektre.fi\/\">Spektre<\/a><br \/>\n<a href=\"http:\/\/lovecraftseura.net\/\">H. P. Lovecraft \u2013 Historiallinen seura<\/a><br \/>\n<a href=\"http:\/\/www.tsfs.fi\/\">TSFS &#8211; Turun Science Fiction Seura<\/a><br \/>\n<a href=\"http:\/\/tieteiskulttuurikabinetti.fi\/\">Tutka &#8211; Turun yliopiston tieteiskulttuurikabinetti<\/a><br \/>\n<a href=\"http:\/\/www.esc-ape.net\/\">ESC &#8211; Espoon science fiction- ja fantasiaseura<\/a><br \/>\n<a href=\"http:\/\/tahtivaeltaja.com\/\">HSFS \/ T\u00e4htivaeltaja<\/a><br \/>\n<a href=\"http:\/\/hysfk.fi\/\">HYSFK &#8211; Helsingin Yliopiston Science Fiction\u00a0Klubi<\/a><br \/>\n<a href=\"http:\/\/www.ropecon.fi\">Ropecon<\/a><br \/>\n<a href=\"http:\/\/tieteiskirjoittajat.net\/\">STK &#8211; Suomen tieteis- ja fantasiakirjoittajat<\/a><br \/>\n<a href=\"http:\/\/lautapelikahvila.fi\/\">Lautapelikahvila Taverna<\/a><br \/>\n<a href=\"https:\/\/piki.verkkokirjasto.fi\/web\/arena\">Tampereen Kirjasto<\/a>\u00a0(paikalla lauantaina kello 10-16)<br \/>\n<a href=\"https:\/\/2016.tracon.fi\/\">Tracon<\/a><br \/>\n<a href=\"https:\/\/www.facebook.com\/events\/627199687434796\/\">Tylycon<\/a><br \/>\n<a href=\"http:\/\/www.worldcon.fi\/\">Worldcon 75<\/a><\/p>\n<h2 style=\"padding: 0px; margin-bottom: 0px; font-size: 140%;\">Art Corner<\/h2>\n<p><a href=\"http:\/\/myrntai.tumblr.com\/\">Taina \u201dMyrntai\u201d Koskinen<\/a><br \/>\n<a href=\"http:\/\/haltijakapala.tumblr.com\">Sari Haltijak\u00e4p\u00e4l\u00e4<\/a><br \/>\n<a href=\"http:\/\/neitipihlajatar.tumblr.com\/\">Pihlajatar<\/a><br \/>\nPinja Tawast\/<a href=\"https:\/\/sites.google.com\/site\/sanmagumo\/\">Sanmagumo<\/a><br \/>\n<a href=\"http:\/\/murskain.pp.fi\/portfolio\">Sami Rouhiainen<\/a>\u00a0(only on Saturday)<br \/>\n<a href=\"http:\/\/sirinne.deviantart.com\/\">Petri Blomqvist<\/a>\u00a0(only on Saturday)<br \/>\nJarno Humala<br \/>\n<a href=\"http:\/\/hurtanminttu.tumblr.com\/\">Miisa Lopperi<\/a><br \/>\n<a href=\"http:\/\/apilapepita.com\/\">Apila Pepita<\/a><br \/>\n<a href=\"http:\/\/arachnodentist.tumblr.com\/\">Anayte Delahay<\/a><br \/>\n<a href=\"https:\/\/www.facebook.com\/artistijanikamaki\/\">Janika M\u00e4ki<\/a><br \/>\n<a href=\"http:\/\/nnscribble.tumblr.com\/\">Anni Ker\u00e4nen<\/a><br \/>\nEmilia \u201dSohjoo\u201d Musturi &amp; co<br \/>\n<span style=\"padding-left: 20px;\">\u2022 <a href=\"http:\/\/lahnavaiakka.tumblr.com\">http:\/\/lahnavaiakka.tumblr.com<\/a><\/span><br \/>\n<span style=\"padding-left: 20px;\">\u2022 <a href=\"http:\/\/iineankka.tumblr.com\/\">http:\/\/iineankka.tumblr.com\/ <\/a><\/span><br \/>\n<span style=\"padding-left: 20px;\">\u2022 <a href=\"http:\/\/koskimangusti.tumblr.com\/\">http:\/\/koskimangusti.tumblr.com\/ <\/a><\/span><br \/>\n<span style=\"padding-left: 20px;\">\u2022 <a href=\"http:\/\/sohjoo.tumblr.com\/\">http:\/\/sohjoo.tumblr.com\/ <\/a><\/span><br \/>\n<span style=\"padding-left: 20px;\">\u2022\u00a0<a href=\"facebook.com\/lamppuart\/\">facebook.com\/lamppuart\/<\/a><\/span><br \/>\n<a href=\"http:\/\/www.puuha-pirtti.fi\">Viivi Latva-Karjanmaa<\/a><br \/>\n<a href=\"http:\/\/dicenete.deviantart.com\">Dicenete<\/a><br \/>\n<a href=\"http:\/\/www.facebook.com\/savyunelma\">Silja Lintula<\/a><br \/>\n<a href=\"http:\/\/www.facebook.com\/craftme2\">Krista Lehtinen\/Kraft\u00e1<\/a><br \/>\nHeidi Lintula\u00a0ja\u00a0rosison<br \/>\n<span style=\"padding-left: 20px;\">\u2022 <a href=\"http:\/\/kirjoart.tumblr.com\/\">http:\/\/kirjoart.tumblr.com\/<\/a><\/span><br \/>\n<span style=\"padding-left: 20px;\">\u2022 <a href=\"http:\/\/rosisarton.tumblr.com\/\">http:\/\/rosisarton.tumblr.com\/<\/a><\/span><br \/>\nSami Nyberg<br \/>\n<a href=\"http:\/\/virigus.deviantart.com\">Virigus<\/a><br \/>\n<a href=\"http:\/\/frostfoxie.deviantart.com\">FrostFoxie<\/a><br \/>\n<a href=\"http:\/\/littlebluehare.blogspot.fi\/\">Soila Salminen<\/a><br \/>\n<a href=\"http:\/\/kahluu.blogspot.fi\/?view=mosaic\">Aino Purhonen<\/a>\u00a0(only on Sunday)<br \/>\nHarri Miekka: Annukka Nurmen koruja<\/p>\n","protected":false},"excerpt":{"rendered":"<p>Here you can find a list of every exhibitor attending Finncon, including vendors, societies, events and other organizations. Vendors: Aavetaajus Back Street Bard &amp; Jester Bartholome Doorway Games Eeva Nikunen Fantasy Art Genrewear Head Hunter Store Kuoriaiskirjat Lumissa&#8217;s Purple Octopus &hellip; <a href=\"http:\/\/2016.finncon.org\/en\/about\/exhibitors\/\">Continue reading <span class=\"meta-nav\">&rarr;<\/span><\/a><\/p>\n","protected":false},"author":3,"featured_media":0,"parent":78,"menu_order":0,"comment_status":"closed","ping_status":"closed","template":"","meta":[],"_links":{"self":[{"href":"http:\/\/2016.finncon.org\/en\/wp-json\/wp\/v2\/pages\/912"}],"collection":[{"href":"http:\/\/2016.finncon.org\/en\/wp-json\/wp\/v2\/pages"}],"about":[{"href":"http:\/\/2016.finncon.org\/en\/wp-json\/wp\/v2\/types\/page"}],"author":[{"embeddable":true,"href":"http:\/\/2016.finncon.org\/en\/wp-json\/wp\/v2\/users\/3"}],"replies":[{"embeddable":true,"href":"http:\/\/2016.finncon.org\/en\/wp-json\/wp\/v2\/comments?post=912"}],"version-history":[{"count":7,"href":"http:\/\/2016.finncon.org\/en\/wp-json\/wp\/v2\/pages\/912\/revisions"}],"predecessor-version":[{"id":1122,"href":"http:\/\/2016.finncon.org\/en\/wp-json\/wp\/v2\/pages\/912\/revisions\/1122"}],"up":[{"embeddable":true,"href":"http:\/\/2016.finncon.org\/en\/wp-json\/wp\/v2\/pages\/78"}],"wp:attachment":[{"href":"http:\/\/2016.finncon.org\/en\/wp-json\/wp\/v2\/media?parent=912"}],"curies":[{"name":"wp","href":"https:\/\/api.w.org\/{rel}","templated":true}]}}