{"id":1253,"date":"2016-07-09T22:52:23","date_gmt":"2016-07-09T19:52:23","guid":{"rendered":"http:\/\/2016.finncon.org\/en\/?page_id=1253"},"modified":"2016-07-13T23:00:19","modified_gmt":"2016-07-13T20:00:19","slug":"conreports","status":"publish","type":"page","link":"http:\/\/2016.finncon.org\/en\/what-is-finncon\/conreports\/","title":{"rendered":"Conreports"},"content":{"rendered":"<div id=\"attachment_1229\" style=\"width: 410px\" class=\"wp-caption alignright\"><a href=\"http:\/\/2016.finncon.org\/wp-content\/uploads\/2016\/07\/Finncon-2018-p\u00f6yt\u00e4.jpg\"><img aria-describedby=\"caption-attachment-1229\" decoding=\"async\" loading=\"lazy\" class=\"wp-image-1229\" src=\"http:\/\/2016.finncon.org\/wp-content\/uploads\/2016\/07\/Finncon-2018-p\u00f6yt\u00e4-300x200.jpg\" alt=\"Finncon 2018 p\u00f6yt\u00e4\" width=\"400\" height=\"267\" srcset=\"http:\/\/2016.finncon.org\/wp-content\/uploads\/2016\/07\/Finncon-2018-p\u00f6yt\u00e4-300x200.jpg 300w, http:\/\/2016.finncon.org\/wp-content\/uploads\/2016\/07\/Finncon-2018-p\u00f6yt\u00e4-768x512.jpg 768w, http:\/\/2016.finncon.org\/wp-content\/uploads\/2016\/07\/Finncon-2018-p\u00f6yt\u00e4-1024x682.jpg 1024w, http:\/\/2016.finncon.org\/wp-content\/uploads\/2016\/07\/Finncon-2018-p\u00f6yt\u00e4-800x533.jpg 800w, http:\/\/2016.finncon.org\/wp-content\/uploads\/2016\/07\/Finncon-2018-p\u00f6yt\u00e4.jpg 1481w\" sizes=\"(max-width: 400px) 100vw, 400px\" \/><\/a><p id=\"caption-attachment-1229\" class=\"wp-caption-text\">Finncon 2018\u00a0table<br \/>Picture: Kyuu Eturautti<\/p><\/div>\n<p>We have gathered on this page all the Finncon 2016 conreports, reading lists and photo galleries that we know of. If we are missing some, plese contact us with the link by email (somedesk@2016.finncon.org) and we will add it here!<\/p>\n<p>Last update: July 13th, 2016 (newest additions first)<\/p>\n<p><strong>Samuli Antila<\/strong> (in Finnish)<br \/>\n<a href=\"https:\/\/sites.google.com\/site\/samuliantila\/home\/kapteenin-loki\">Con-con-con<\/a><\/p>\n<p><strong>Johan J\u00f6nsson<\/strong> (in Swedish)<br \/>\n<a href=\"http:\/\/www.tystnad.net\/2016\/07\/finncon-2016-i-tammerfors-finns-ett-torn\/\">Finncon 2016: Tornet i Tammerfors<\/a><\/p>\n<p><strong>Liliana Lento<\/strong> (in Finnish)<br \/>\n<a href=\"http:\/\/lilianalento.blogspot.fi\/2016\/07\/finnconin-jalkitunnelmissa.html\">Finnconin j\u00e4lkitunnelmissa<\/a><\/p>\n<p><strong>Essi Varis<\/strong><br \/>\n<a href=\"http:\/\/graphicexperiments.blogspot.fi\/2016\/07\/research-meet-fandom-fandom-meet.html\">Research, Meet Fandom; Fandom, Meet Research<\/a><\/p>\n<p><strong>Tanya Tynj\u00e4l\u00e4 \/ Amazing Stories<\/strong> (in English \/ Spanish)<br \/>\n<a href=\"http:\/\/amazingstoriesmag.com\/2016\/07\/finncon-2016-bilingual-post\/\">Finncon 2016 Conreport (Bilingual Post)<\/a><\/p>\n<p><strong>Karl-Johan Nor\u00e9n<\/strong><br \/>\n<a href=\"http:\/\/kjn.livejournal.com\/63549.html\">A Swedish take on Finncon 2016<\/a><\/p>\n<p><strong>Cheryl Morgan<\/strong><br \/>\n<a href=\"http:\/\/www.cheryl-morgan.com\/?p=22922\">Trans panel reading list<\/a><br \/>\n<a href=\"http:\/\/www.cheryl-morgan.com\/?p=22919\">Sex \u2018n\u2019 Drugs \u2018n\u2019 Puss in Boots\u201d panel reading list<\/a><\/p>\n<div id=\"attachment_1230\" style=\"width: 410px\" class=\"wp-caption alignright\"><a href=\"http:\/\/2016.finncon.org\/wp-content\/uploads\/2016\/07\/Skeletor-naamiaiset.jpg\"><img aria-describedby=\"caption-attachment-1230\" decoding=\"async\" loading=\"lazy\" class=\"wp-image-1230\" src=\"http:\/\/2016.finncon.org\/wp-content\/uploads\/2016\/07\/Skeletor-naamiaiset-682x1024.jpg\" alt=\"Skeletor naamiaiset\" width=\"400\" height=\"600\" srcset=\"http:\/\/2016.finncon.org\/wp-content\/uploads\/2016\/07\/Skeletor-naamiaiset-682x1024.jpg 682w, http:\/\/2016.finncon.org\/wp-content\/uploads\/2016\/07\/Skeletor-naamiaiset-200x300.jpg 200w, http:\/\/2016.finncon.org\/wp-content\/uploads\/2016\/07\/Skeletor-naamiaiset-768x1152.jpg 768w, http:\/\/2016.finncon.org\/wp-content\/uploads\/2016\/07\/Skeletor-naamiaiset-533x800.jpg 533w, http:\/\/2016.finncon.org\/wp-content\/uploads\/2016\/07\/Skeletor-naamiaiset.jpg 987w\" sizes=\"(max-width: 400px) 100vw, 400px\" \/><\/a><p id=\"caption-attachment-1230\" class=\"wp-caption-text\">Skeletor\u00a0in the Masquerade<br \/>Picture: Kyuu Eturautti<\/p><\/div>\n<p><strong>Instagram<\/strong><br \/>\n<a href=\"https:\/\/www.instagram.com\/explore\/tags\/finncon2016\/\">Pictures using the tag &#8220;Finncon2016&#8221;<\/a><br \/>\n<a href=\"https:\/\/www.instagram.com\/explore\/tags\/finncon\/\">Pictures using the tag &#8220;Finncon&#8221;<\/a><\/p>\n<p><strong>Finncon 2016 pictures under the Aniki-service<\/strong><br \/>\n<a href=\"http:\/\/kuvat.aniki.fi\/index.php?cat=168\">Finncon photo galleries<\/a><\/p>\n<p><strong>J. Pekka M\u00e4kel\u00e4 <\/strong>(in Finnish)<br \/>\n<a href=\"http:\/\/www.yrttimaa.net\/Blogi\/?p=7471\">Taas ohi on con<\/a><\/p>\n<p><strong>N\u00f6rttityt\u00f6t<\/strong> (in Finnish)<br \/>\n<a href=\"http:\/\/geekgirls.fi\/wp\/blog\/2016\/07\/07\/finncon-2016-tampereella\/\">Finncon 2016 Tampereella<\/a><\/p>\n<p><strong>Espoon fantasia<\/strong> (in Finnish)<br \/>\n<a href=\"http:\/\/fantasiaespoo.fi\/2016\/07\/finnconin-2016-kohokohtia\/\">Finnconin 2016 kohokohtia<\/a><\/p>\n<p><strong>Taikakirjaimet<\/strong>\u00a0(in Finnish)<br \/>\n<a href=\"http:\/\/taikakirjaimet.blogspot.fi\/2016\/07\/finncon-2016-raportti.html\">Finncon 2016 -raportti<\/a><\/p>\n<p><strong>Elina Pitk\u00e4kangas<\/strong> (in Finnish)<br \/>\n<a href=\"http:\/\/elinapit.blogspot.fi\/2016\/07\/ensimmaiset-esiintymiset.html\">Ensimm\u00e4iset esiintymiset<\/a><\/p>\n<p><strong>Lukujonossa<\/strong> (in Finnish)<br \/>\n<a href=\"https:\/\/lukujonossa.fi\/2016\/07\/kirjailijoita-scifia-ja-inspiraatiota-finnconissa\/\">Kirjailijoita, scifi\u00e4 ja inspiraatiota Finnconissa<\/a><\/p>\n<p><strong>P\u00e4iv\u00e4unien salainen el\u00e4m\u00e4<\/strong> (in Finnish)<br \/>\n<a href=\"http:\/\/salainenelama.blogspot.fi\/2016\/07\/finncon-16-valitse-vanhempasi-viisaasti.html\">Finncon &#8217;16 &#8211; &#8220;Valitse vanhempasi viisaasti&#8221; ja muita neuvoja (osa 1)<\/a><br \/>\n<a href=\"http:\/\/salainenelama.blogspot.fi\/2016\/07\/finncon-16-valitse-vanhempasi-viisaasti_5.html\">Finncon &#8217;16 &#8211; &#8220;Valitse vanhempasi viisaasti&#8221; ja muita neuvoja (osa 2)<\/a><\/p>\n","protected":false},"excerpt":{"rendered":"<p>We have gathered on this page all the Finncon 2016 conreports, reading lists and photo galleries that we know of. If we are missing some, plese contact us with the link by email (somedesk@2016.finncon.org) and we will add it here! &hellip; <a href=\"http:\/\/2016.finncon.org\/en\/what-is-finncon\/conreports\/\">Continue reading <span class=\"meta-nav\">&rarr;<\/span><\/a><\/p>\n","protected":false},"author":3,"featured_media":0,"parent":70,"menu_order":0,"comment_status":"closed","ping_status":"closed","template":"","meta":[],"_links":{"self":[{"href":"http:\/\/2016.finncon.org\/en\/wp-json\/wp\/v2\/pages\/1253"}],"collection":[{"href":"http:\/\/2016.finncon.org\/en\/wp-json\/wp\/v2\/pages"}],"about":[{"href":"http:\/\/2016.finncon.org\/en\/wp-json\/wp\/v2\/types\/page"}],"author":[{"embeddable":true,"href":"http:\/\/2016.finncon.org\/en\/wp-json\/wp\/v2\/users\/3"}],"replies":[{"embeddable":true,"href":"http:\/\/2016.finncon.org\/en\/wp-json\/wp\/v2\/comments?post=1253"}],"version-history":[{"count":10,"href":"http:\/\/2016.finncon.org\/en\/wp-json\/wp\/v2\/pages\/1253\/revisions"}],"predecessor-version":[{"id":1273,"href":"http:\/\/2016.finncon.org\/en\/wp-json\/wp\/v2\/pages\/1253\/revisions\/1273"}],"up":[{"embeddable":true,"href":"http:\/\/2016.finncon.org\/en\/wp-json\/wp\/v2\/pages\/70"}],"wp:attachment":[{"href":"http:\/\/2016.finncon.org\/en\/wp-json\/wp\/v2\/media?parent=1253"}],"curies":[{"name":"wp","href":"https:\/\/api.w.org\/{rel}","templated":true}]}}